{"id":107,"date":"2016-02-18T13:33:17","date_gmt":"2016-02-18T13:33:17","guid":{"rendered":"http:\/\/www.giuseppevisona.it\/?page_id=107"},"modified":"2016-02-19T16:53:35","modified_gmt":"2016-02-19T16:53:35","slug":"un-viaggio-strano","status":"publish","type":"page","link":"https:\/\/www.giuseppevisona.it\/index.php\/pubblicazioni\/un-viaggio-strano\/","title":{"rendered":"un viaggio strano"},"content":{"rendered":"<p><strong><a href=\"http:\/\/www.giuseppevisona.it\/wp-content\/uploads\/2016\/02\/un-viaggio-strano.pdf\" rel=\"\"><img loading=\"lazy\" decoding=\"async\" class=\"wp-image-126 alignright\" src=\"http:\/\/www.giuseppevisona.it\/wp-content\/uploads\/2016\/02\/DSCN6986-1024x768.jpg\" alt=\"DSCN6986\" width=\"300\" height=\"225\" srcset=\"https:\/\/www.giuseppevisona.it\/wp-content\/uploads\/2016\/02\/DSCN6986-1024x768.jpg 1024w, https:\/\/www.giuseppevisona.it\/wp-content\/uploads\/2016\/02\/DSCN6986-300x225.jpg 300w, https:\/\/www.giuseppevisona.it\/wp-content\/uploads\/2016\/02\/DSCN6986.jpg 1600w\" sizes=\"auto, (max-width: 300px) 100vw, 300px\" \/><\/a><\/strong>Ho trovato rimettendo in ordine i libri\u00a0 una cartella con dei fogli che avevo scritto tanto tempo f\u00e0\u00a0 di &#8230;&#8230;&#8230;&#8230;&#8230; <strong><a href=\"http:\/\/www.giuseppevisona.it\/wp-content\/uploads\/2016\/02\/un-viaggio-strano.pdf\" rel=\"\">un viaggio strano.<\/a><\/strong><\/p>\n<div data-canvas-width=\"366.5998199055221\">&#8220;<em>Nessuna pianta eccezionale, nessun monumento arboreo aveva invaso quello spazio vitale. Luca era riuscito\u00a0 nell\u2019intento di abbinare estetica, essenzialit\u00e0, economicit\u00e0 ed equilibrio nella impostazione generale. I risultati sembravano mostrare la sua personalit\u00e0<\/em><\/div>\n<div data-canvas-width=\"430.31715865855847\"><em>francescana, ordinata e &#8230;&#8230;&#8221;<\/em><\/div>\n","protected":false},"excerpt":{"rendered":"<p>Ho trovato rimettendo in ordine i libri\u00a0 una cartella con dei fogli che avevo scritto tanto tempo f\u00e0\u00a0 di &#8230;&#8230;&#8230;&#8230;&#8230; un viaggio strano. &#8220;Nessuna pianta eccezionale, nessun monumento arboreo aveva invaso quello spazio vitale. Luca era riuscito\u00a0 nell\u2019intento di abbinare estetica, essenzialit\u00e0, economicit\u00e0 ed equilibrio nella impostazione generale. I risultati sembravano mostrare la sua personalit\u00e0 [&hellip;]<\/p>\n","protected":false},"author":1,"featured_media":0,"parent":16,"menu_order":0,"comment_status":"closed","ping_status":"closed","template":"","meta":{"footnotes":""},"class_list":["post-107","page","type-page","status-publish","hentry"],"_links":{"self":[{"href":"https:\/\/www.giuseppevisona.it\/index.php\/wp-json\/wp\/v2\/pages\/107","targetHints":{"allow":["GET"]}}],"collection":[{"href":"https:\/\/www.giuseppevisona.it\/index.php\/wp-json\/wp\/v2\/pages"}],"about":[{"href":"https:\/\/www.giuseppevisona.it\/index.php\/wp-json\/wp\/v2\/types\/page"}],"author":[{"embeddable":true,"href":"https:\/\/www.giuseppevisona.it\/index.php\/wp-json\/wp\/v2\/users\/1"}],"replies":[{"embeddable":true,"href":"https:\/\/www.giuseppevisona.it\/index.php\/wp-json\/wp\/v2\/comments?post=107"}],"version-history":[{"count":5,"href":"https:\/\/www.giuseppevisona.it\/index.php\/wp-json\/wp\/v2\/pages\/107\/revisions"}],"predecessor-version":[{"id":130,"href":"https:\/\/www.giuseppevisona.it\/index.php\/wp-json\/wp\/v2\/pages\/107\/revisions\/130"}],"up":[{"embeddable":true,"href":"https:\/\/www.giuseppevisona.it\/index.php\/wp-json\/wp\/v2\/pages\/16"}],"wp:attachment":[{"href":"https:\/\/www.giuseppevisona.it\/index.php\/wp-json\/wp\/v2\/media?parent=107"}],"curies":[{"name":"wp","href":"https:\/\/api.w.org\/{rel}","templated":true}]}}