{"id":11,"date":"2016-02-17T21:22:06","date_gmt":"2016-02-17T21:22:06","guid":{"rendered":"http:\/\/www.giuseppevisona.it\/?page_id=11"},"modified":"2023-02-17T09:09:00","modified_gmt":"2023-02-17T09:09:00","slug":"chi-sono","status":"publish","type":"page","link":"https:\/\/www.giuseppevisona.it\/index.php\/chi-sono\/","title":{"rendered":"Chi sono"},"content":{"rendered":"<p style=\"text-align: left;\">Giuseppe Vison\u00e0,&nbsp; nato a Montecchio Maggiore il 16\/07\/51, laureato a Padova in medicina e chirurgia, \u00e8 dal 1977 medico <img loading=\"lazy\" decoding=\"async\" class=\"wp-image-102 alignleft\" src=\"http:\/\/www.giuseppevisona.it\/wp-content\/uploads\/2016\/02\/DSCN7189-1024x768.jpg\" alt=\"DSCN7189\" width=\"192\" height=\"144\" srcset=\"https:\/\/www.giuseppevisona.it\/wp-content\/uploads\/2016\/02\/DSCN7189-1024x768.jpg 1024w, https:\/\/www.giuseppevisona.it\/wp-content\/uploads\/2016\/02\/DSCN7189-300x225.jpg 300w, https:\/\/www.giuseppevisona.it\/wp-content\/uploads\/2016\/02\/DSCN7189.jpg 1600w\" sizes=\"auto, (max-width: 192px) 100vw, 192px\" \/>di famiglia.&nbsp;Impegnato nella vita di comunit\u00e0 da sempre, \u00e8 stato fondatore della Associazione Genitori, della Polisportiva, dell\u2019Associazione Laboratorio Brendola, della Fondazione \u201cP.Massignan Dopo di Noi\u201d, della Cooperativa Centro Studi Berici. Ha fatto parte del CdA della Cooperativa Sociale \u201981 e del CdA della Cassa Rurale.&nbsp;Ha pubblicato numerosi libri.&nbsp;E\u2019 stato animatore di formazione e socio della Cooperativa Sociale 81 Assistenza. Attualmente \u00e8 presidente della Fondazione Polo dell&#8217;infanzia di Brendola.<\/p>\n<p style=\"text-align: left;\">&nbsp;<\/p>\n","protected":false},"excerpt":{"rendered":"<p>Giuseppe Vison\u00e0,&nbsp; nato a Montecchio Maggiore il 16\/07\/51, laureato a Padova in medicina e chirurgia, \u00e8 dal 1977 medico di famiglia.&nbsp;Impegnato nella vita di comunit\u00e0 da sempre, \u00e8 stato fondatore della Associazione Genitori, della Polisportiva, dell\u2019Associazione Laboratorio Brendola, della Fondazione \u201cP.Massignan Dopo di Noi\u201d, della Cooperativa Centro Studi Berici. Ha fatto parte del CdA della [&hellip;]<\/p>\n","protected":false},"author":1,"featured_media":0,"parent":0,"menu_order":0,"comment_status":"closed","ping_status":"closed","template":"","meta":{"footnotes":""},"class_list":["post-11","page","type-page","status-publish","hentry"],"_links":{"self":[{"href":"https:\/\/www.giuseppevisona.it\/index.php\/wp-json\/wp\/v2\/pages\/11","targetHints":{"allow":["GET"]}}],"collection":[{"href":"https:\/\/www.giuseppevisona.it\/index.php\/wp-json\/wp\/v2\/pages"}],"about":[{"href":"https:\/\/www.giuseppevisona.it\/index.php\/wp-json\/wp\/v2\/types\/page"}],"author":[{"embeddable":true,"href":"https:\/\/www.giuseppevisona.it\/index.php\/wp-json\/wp\/v2\/users\/1"}],"replies":[{"embeddable":true,"href":"https:\/\/www.giuseppevisona.it\/index.php\/wp-json\/wp\/v2\/comments?post=11"}],"version-history":[{"count":9,"href":"https:\/\/www.giuseppevisona.it\/index.php\/wp-json\/wp\/v2\/pages\/11\/revisions"}],"predecessor-version":[{"id":812,"href":"https:\/\/www.giuseppevisona.it\/index.php\/wp-json\/wp\/v2\/pages\/11\/revisions\/812"}],"wp:attachment":[{"href":"https:\/\/www.giuseppevisona.it\/index.php\/wp-json\/wp\/v2\/media?parent=11"}],"curies":[{"name":"wp","href":"https:\/\/api.w.org\/{rel}","templated":true}]}}