{"id":16,"date":"2016-02-17T21:24:57","date_gmt":"2016-02-17T21:24:57","guid":{"rendered":"http:\/\/www.giuseppevisona.it\/?page_id=16"},"modified":"2016-02-17T22:04:09","modified_gmt":"2016-02-17T22:04:09","slug":"pubblicazioni","status":"publish","type":"page","link":"https:\/\/www.giuseppevisona.it\/index.php\/pubblicazioni\/","title":{"rendered":"Pubblicazioni"},"content":{"rendered":"<p>L&#8217;essere umano, a partire dalle origini, ha sempre migliorato il contenuto della sua scatola cranica, ma conserva ancora l&#8217;imperfezione e quindi la possibilit\u00e0 di migliorare. La qualit\u00e0 della vita \u00e8 legata senza dubbio al sapere e alla rielaborazione di nuove proposte e scoperte. Il territorio della cultura , dell&#8217;istruzione e dell&#8217;educazione permanente \u00e8 fondamentale per l&#8217;individuo e la societ\u00e0. Investire energie, spazi e denaro in questa direzione \u00e8 qualificante per ogni gruppo umano.<\/p>\n<p>IL LIBRO E&#8217; L&#8217;AMICO PIU&#8217; CARO E VICINO ALLE MIE ASPIRAZIONI E SPERANZE.<\/p>\n","protected":false},"excerpt":{"rendered":"<p>L&#8217;essere umano, a partire dalle origini, ha sempre migliorato il contenuto della sua scatola cranica, ma conserva ancora l&#8217;imperfezione e quindi la possibilit\u00e0 di migliorare. La qualit\u00e0 della vita \u00e8 legata senza dubbio al sapere e alla rielaborazione di nuove proposte e scoperte. Il territorio della cultura , dell&#8217;istruzione e dell&#8217;educazione permanente \u00e8 fondamentale per [&hellip;]<\/p>\n","protected":false},"author":1,"featured_media":0,"parent":0,"menu_order":0,"comment_status":"closed","ping_status":"closed","template":"","meta":{"footnotes":""},"class_list":["post-16","page","type-page","status-publish","hentry"],"_links":{"self":[{"href":"https:\/\/www.giuseppevisona.it\/index.php\/wp-json\/wp\/v2\/pages\/16","targetHints":{"allow":["GET"]}}],"collection":[{"href":"https:\/\/www.giuseppevisona.it\/index.php\/wp-json\/wp\/v2\/pages"}],"about":[{"href":"https:\/\/www.giuseppevisona.it\/index.php\/wp-json\/wp\/v2\/types\/page"}],"author":[{"embeddable":true,"href":"https:\/\/www.giuseppevisona.it\/index.php\/wp-json\/wp\/v2\/users\/1"}],"replies":[{"embeddable":true,"href":"https:\/\/www.giuseppevisona.it\/index.php\/wp-json\/wp\/v2\/comments?post=16"}],"version-history":[{"count":1,"href":"https:\/\/www.giuseppevisona.it\/index.php\/wp-json\/wp\/v2\/pages\/16\/revisions"}],"predecessor-version":[{"id":17,"href":"https:\/\/www.giuseppevisona.it\/index.php\/wp-json\/wp\/v2\/pages\/16\/revisions\/17"}],"wp:attachment":[{"href":"https:\/\/www.giuseppevisona.it\/index.php\/wp-json\/wp\/v2\/media?parent=16"}],"curies":[{"name":"wp","href":"https:\/\/api.w.org\/{rel}","templated":true}]}}