{"id":296,"date":"2016-02-23T12:56:36","date_gmt":"2016-02-23T12:56:36","guid":{"rendered":"http:\/\/www.giuseppevisona.it\/?page_id=296"},"modified":"2016-02-23T16:49:11","modified_gmt":"2016-02-23T16:49:11","slug":"296-2","status":"publish","type":"page","link":"https:\/\/www.giuseppevisona.it\/index.php\/296-2\/","title":{"rendered":"L&#8217;acqua conquista vitale di una comunit\u00e0"},"content":{"rendered":"<p><img loading=\"lazy\" decoding=\"async\" class=\"wp-image-288 alignleft\" src=\"http:\/\/www.giuseppevisona.it\/wp-content\/uploads\/2016\/02\/acqua-labor-1.jpg\" alt=\"acqua labor\" width=\"341\" height=\"254\" srcset=\"https:\/\/www.giuseppevisona.it\/wp-content\/uploads\/2016\/02\/acqua-labor-1.jpg 660w, https:\/\/www.giuseppevisona.it\/wp-content\/uploads\/2016\/02\/acqua-labor-1-300x224.jpg 300w\" sizes=\"auto, (max-width: 341px) 100vw, 341px\" \/>L\u2019acqua non \u00e8 solo l\u2019amalgma del nostro corpo, \u00e8 stata anche il primo amalgama della societ\u00e0, di qualunque epoca e tempo. L\u2019uomo \u00e8 un animale sociale, non pu\u00f2\u00a0 vivere da solo e da sempre i gruppi di uomini si sono incontrati intorno all\u2019acqua dolce, sulle rive di un fiume, di un lago, di una sorgente. E\u2019 l\u00ec che sono cominciati gli scambi e poi strutturati i commerci e sono sorti i villaggi e le citt\u00e0. Il corpo umano \u00e8 costituito per il settanta per cento di acqua. Un individuo di cento chili si porta tutto il giorno settanta chili di questa preziosa sostanza. O forse \u00e8 l\u2019acqua che si porta dietro l\u2019individuo?<\/p>\n<p><a href=\"http:\/\/www.giuseppevisona.it\/wp-content\/uploads\/2016\/02\/Lacqua-conquista-vitale-di-una-comunit\u00e0.pdf\" rel=\"\">L&#8217;acqua conquista vitale di una comunit\u00e0<\/a><\/p>\n","protected":false},"excerpt":{"rendered":"<p>L\u2019acqua non \u00e8 solo l\u2019amalgma del nostro corpo, \u00e8 stata anche il primo amalgama della societ\u00e0, di qualunque epoca e tempo. L\u2019uomo \u00e8 un animale sociale, non pu\u00f2\u00a0 vivere da solo e da sempre i gruppi di uomini si sono incontrati intorno all\u2019acqua dolce, sulle rive di un fiume, di un lago, di una sorgente. [&hellip;]<\/p>\n","protected":false},"author":1,"featured_media":0,"parent":0,"menu_order":0,"comment_status":"closed","ping_status":"closed","template":"","meta":{"footnotes":""},"class_list":["post-296","page","type-page","status-publish","hentry"],"_links":{"self":[{"href":"https:\/\/www.giuseppevisona.it\/index.php\/wp-json\/wp\/v2\/pages\/296","targetHints":{"allow":["GET"]}}],"collection":[{"href":"https:\/\/www.giuseppevisona.it\/index.php\/wp-json\/wp\/v2\/pages"}],"about":[{"href":"https:\/\/www.giuseppevisona.it\/index.php\/wp-json\/wp\/v2\/types\/page"}],"author":[{"embeddable":true,"href":"https:\/\/www.giuseppevisona.it\/index.php\/wp-json\/wp\/v2\/users\/1"}],"replies":[{"embeddable":true,"href":"https:\/\/www.giuseppevisona.it\/index.php\/wp-json\/wp\/v2\/comments?post=296"}],"version-history":[{"count":3,"href":"https:\/\/www.giuseppevisona.it\/index.php\/wp-json\/wp\/v2\/pages\/296\/revisions"}],"predecessor-version":[{"id":301,"href":"https:\/\/www.giuseppevisona.it\/index.php\/wp-json\/wp\/v2\/pages\/296\/revisions\/301"}],"wp:attachment":[{"href":"https:\/\/www.giuseppevisona.it\/index.php\/wp-json\/wp\/v2\/media?parent=296"}],"curies":[{"name":"wp","href":"https:\/\/api.w.org\/{rel}","templated":true}]}}