{"id":346,"date":"2016-02-23T22:16:26","date_gmt":"2016-02-23T22:16:26","guid":{"rendered":"http:\/\/www.giuseppevisona.it\/?page_id=346"},"modified":"2016-02-23T22:16:26","modified_gmt":"2016-02-23T22:16:26","slug":"pensieri-memorie-ricordi","status":"publish","type":"page","link":"https:\/\/www.giuseppevisona.it\/index.php\/pensieri-memorie-ricordi\/","title":{"rendered":"Pensieri, memorie, ricordi"},"content":{"rendered":"<p><img loading=\"lazy\" decoding=\"async\" class=\"wp-image-347 alignleft\" src=\"http:\/\/www.giuseppevisona.it\/wp-content\/uploads\/2016\/02\/pensieri.jpg\" alt=\"pensieri\" width=\"269\" height=\"382\" srcset=\"https:\/\/www.giuseppevisona.it\/wp-content\/uploads\/2016\/02\/pensieri.jpg 600w, https:\/\/www.giuseppevisona.it\/wp-content\/uploads\/2016\/02\/pensieri-212x300.jpg 212w\" sizes=\"auto, (max-width: 269px) 100vw, 269px\" \/>Ci sono nella vita di un popolo valori, stili di vita, peculiarit\u00e0 espressive che fanno di esso un gruppo umano con una specifica identit\u00e0 : \u00e8 quanto l&#8217;autore a intervalli biennali intende dimostrare dopo &#8221; Il nostro territorio&#8221; e &#8220;Nuovi<br \/>\nsentieri&#8221;. Ripercorrere l&#8217;origine di queste caratteristiche, ed ancor pi\u00f9 volerne fissare i tratti peculiari si rischia di scostarsi dal vero perch\u00e9 si tratta di una realt\u00e0 viva, dinamica mai uguale a se stessa pur coerente nel tempo.<\/p>\n<p>&nbsp;<\/p>\n<p>&nbsp;<\/p>\n<p><a href=\"http:\/\/www.giuseppevisona.it\/wp-content\/uploads\/2016\/02\/PENSIERI-MEMORIE-RICORDI.pdf\" rel=\"\">PENSIERI MEMORIE RICORDI<\/a><a href=\"http:\/\/www.giuseppevisona.it\/wp-content\/uploads\/2016\/02\/PENSIERI-MEMORIE-RICORDI.pdf\" rel=\"\">PENSIERI MEMORIE RICORDI<\/a><\/p>\n","protected":false},"excerpt":{"rendered":"<p>Ci sono nella vita di un popolo valori, stili di vita, peculiarit\u00e0 espressive che fanno di esso un gruppo umano con una specifica identit\u00e0 : \u00e8 quanto l&#8217;autore a intervalli biennali intende dimostrare dopo &#8221; Il nostro territorio&#8221; e &#8220;Nuovi sentieri&#8221;. Ripercorrere l&#8217;origine di queste caratteristiche, ed ancor pi\u00f9 volerne fissare i tratti peculiari si [&hellip;]<\/p>\n","protected":false},"author":1,"featured_media":0,"parent":0,"menu_order":0,"comment_status":"closed","ping_status":"closed","template":"","meta":{"footnotes":""},"class_list":["post-346","page","type-page","status-publish","hentry"],"_links":{"self":[{"href":"https:\/\/www.giuseppevisona.it\/index.php\/wp-json\/wp\/v2\/pages\/346","targetHints":{"allow":["GET"]}}],"collection":[{"href":"https:\/\/www.giuseppevisona.it\/index.php\/wp-json\/wp\/v2\/pages"}],"about":[{"href":"https:\/\/www.giuseppevisona.it\/index.php\/wp-json\/wp\/v2\/types\/page"}],"author":[{"embeddable":true,"href":"https:\/\/www.giuseppevisona.it\/index.php\/wp-json\/wp\/v2\/users\/1"}],"replies":[{"embeddable":true,"href":"https:\/\/www.giuseppevisona.it\/index.php\/wp-json\/wp\/v2\/comments?post=346"}],"version-history":[{"count":1,"href":"https:\/\/www.giuseppevisona.it\/index.php\/wp-json\/wp\/v2\/pages\/346\/revisions"}],"predecessor-version":[{"id":350,"href":"https:\/\/www.giuseppevisona.it\/index.php\/wp-json\/wp\/v2\/pages\/346\/revisions\/350"}],"wp:attachment":[{"href":"https:\/\/www.giuseppevisona.it\/index.php\/wp-json\/wp\/v2\/media?parent=346"}],"curies":[{"name":"wp","href":"https:\/\/api.w.org\/{rel}","templated":true}]}}