{"id":837,"date":"2023-02-22T16:31:59","date_gmt":"2023-02-22T16:31:59","guid":{"rendered":"http:\/\/www.giuseppevisona.it\/?page_id=837"},"modified":"2023-02-22T16:31:59","modified_gmt":"2023-02-22T16:31:59","slug":"quaderno-qualita","status":"publish","type":"page","link":"https:\/\/www.giuseppevisona.it\/index.php\/quaderno-qualita\/","title":{"rendered":"Quaderno qualit\u00e0"},"content":{"rendered":"<p><a href=\"http:\/\/www.giuseppevisona.it\/wp-content\/uploads\/2023\/02\/1.premessa.pdf\" rel=\"\">1.premessa<\/a><\/p>\n<p><a href=\"http:\/\/www.giuseppevisona.it\/wp-content\/uploads\/2023\/02\/2.-progetto-qualit\u00e0-prima-sezione.pdf\" rel=\"\">2. progetto qualit\u00e0 prima sezione<\/a><\/p>\n<p><a href=\"http:\/\/www.giuseppevisona.it\/wp-content\/uploads\/2023\/02\/3.-progetto-qualit\u00e0-seconda-sezione.pdf\" rel=\"\">3. progetto qualit\u00e0 seconda sezione<\/a><\/p>\n<p><a href=\"http:\/\/www.giuseppevisona.it\/wp-content\/uploads\/2023\/02\/4.-progetto-qualit\u00e0-terza-sezione.pdf\" rel=\"\">4. progetto qualit\u00e0 terza sezione<\/a><\/p>\n<p><a href=\"http:\/\/www.giuseppevisona.it\/wp-content\/uploads\/2023\/02\/5.-progetto-qualit\u00e0-quarta-sezione.pdf\" rel=\"\">5. progetto qualit\u00e0 quarta sezione<\/a><\/p>\n<p><a href=\"http:\/\/www.giuseppevisona.it\/wp-content\/uploads\/2023\/02\/6.test-sapere.pdf\" rel=\"\">6.test sapere<\/a><\/p>\n<p><a href=\"http:\/\/www.giuseppevisona.it\/wp-content\/uploads\/2023\/02\/7.-saper-fare-didattica.pdf\" rel=\"\">7. saper fare didattica<\/a><\/p>\n<p><a href=\"http:\/\/www.giuseppevisona.it\/wp-content\/uploads\/2023\/02\/8.-saper-fare-cucina.pdf\" rel=\"\">8. saper fare cucina<\/a><\/p>\n<p><a href=\"http:\/\/www.giuseppevisona.it\/wp-content\/uploads\/2023\/02\/9.-saper-fare-pulizie.pdf\" rel=\"\">9. saper fare pulizie<\/a><\/p>\n<p><a href=\"http:\/\/www.giuseppevisona.it\/wp-content\/uploads\/2023\/02\/10-saper-fare-amministrativo.pdf\" rel=\"\">10 saper fare amministrativo<\/a><\/p>\n<p><a href=\"http:\/\/www.giuseppevisona.it\/wp-content\/uploads\/2023\/02\/11.-saper-essere.pdf\" rel=\"\">11. saper essere<\/a><\/p>\n","protected":false},"excerpt":{"rendered":"<p>1.premessa 2. progetto qualit\u00e0 prima sezione 3. progetto qualit\u00e0 seconda sezione 4. progetto qualit\u00e0 terza sezione 5. progetto qualit\u00e0 quarta sezione 6.test sapere 7. saper fare didattica 8. saper fare cucina 9. saper fare pulizie 10 saper fare amministrativo 11. saper essere<\/p>\n","protected":false},"author":1,"featured_media":0,"parent":0,"menu_order":0,"comment_status":"closed","ping_status":"closed","template":"","meta":{"footnotes":""},"class_list":["post-837","page","type-page","status-publish","hentry"],"_links":{"self":[{"href":"https:\/\/www.giuseppevisona.it\/index.php\/wp-json\/wp\/v2\/pages\/837","targetHints":{"allow":["GET"]}}],"collection":[{"href":"https:\/\/www.giuseppevisona.it\/index.php\/wp-json\/wp\/v2\/pages"}],"about":[{"href":"https:\/\/www.giuseppevisona.it\/index.php\/wp-json\/wp\/v2\/types\/page"}],"author":[{"embeddable":true,"href":"https:\/\/www.giuseppevisona.it\/index.php\/wp-json\/wp\/v2\/users\/1"}],"replies":[{"embeddable":true,"href":"https:\/\/www.giuseppevisona.it\/index.php\/wp-json\/wp\/v2\/comments?post=837"}],"version-history":[{"count":1,"href":"https:\/\/www.giuseppevisona.it\/index.php\/wp-json\/wp\/v2\/pages\/837\/revisions"}],"predecessor-version":[{"id":849,"href":"https:\/\/www.giuseppevisona.it\/index.php\/wp-json\/wp\/v2\/pages\/837\/revisions\/849"}],"wp:attachment":[{"href":"https:\/\/www.giuseppevisona.it\/index.php\/wp-json\/wp\/v2\/media?parent=837"}],"curies":[{"name":"wp","href":"https:\/\/api.w.org\/{rel}","templated":true}]}}